{"id":127,"date":"2015-10-13T12:10:13","date_gmt":"2015-10-13T10:10:13","guid":{"rendered":"http:\/\/trial.ba\/?page_id=127"},"modified":"2024-04-11T14:44:25","modified_gmt":"2024-04-11T12:44:25","slug":"dostignuca-u-bih","status":"publish","type":"page","link":"https:\/\/trial.ba\/?page_id=127","title":{"rendered":"Dostignu\u0107a u BiH"},"content":{"rendered":"<h3><b>Zagovaranje<\/b><\/h3>\n<ul>\n<li style=\"font-weight: 400;\"><span style=\"font-weight: 400;\">Zagovaramo kori\u0161tenje instituta imovinskopravnog zahtjeva i dosu\u0111ivanje naknade \u0161tete u krivi\u010dnim postupcima u predmetima ratnih zlo\u010dina, zahvaljuju\u0107i \u010demu je u prva dva slu\u010daja 2015. godine pred Sudom BiH u okviru krivi\u010dnog postupka pre\u017eivjelima ratnih zlo\u010dina dosu\u0111ena naknada \u0161tete i time uspostavljena praksa koja je rezultirala sa, do sada, 17 usvojenih imovinskopravnih zahtjeva i dosu\u0111enih naknada u predmetima ratnih zlo\u010dina pred dr\u017eavnim i entitetskim sudovima.<\/span><\/li>\n<\/ul>\n<ul>\n<li style=\"font-weight: 400;\"><span style=\"font-weight: 400;\">Zagovarali smo upu\u0107ivanje amandmana na Zakon o pru\u017eanju besplatne pravne pomo\u0107i BiH, na osnovu \u010dega je pre\u017eivjelim osigurana mogu\u0107nost besplatne pravne pomo\u0107i pred Sudom Bosne i Hercegovine, tijelima uprave i drugim tijelima Bosne i Hercegovine.<\/span><\/li>\n<\/ul>\n<ul>\n<li style=\"font-weight: 400;\"><span style=\"font-weight: 400;\">Zagovarali smo za izmjene Krivi\u010dnog Zakona BiH u odnosu na definicije ratnog silovanja i drugih oblika seksualnog nasilja, mu\u010denja i prisilnog nestanka.<\/span><\/li>\n<\/ul>\n<ul>\n<li style=\"font-weight: 400;\"><span style=\"font-weight: 400;\">Pripremili smo <\/span><a href=\"https:\/\/trial.ba\/?page_id=129\"><span style=\"font-weight: 400;\">14 publikacija, priru\u010dnika i prikaza<\/span><\/a><span style=\"font-weight: 400;\"> o pristupu pravdi i reparacijama, kao i o razli\u010ditim izazovima s kojima se pre\u017eivjeli susre\u0107u u ostvarenju svojih prava. Ova istra\u017eivanja su poslu\u017eila kao povod za stru\u010dne i javne diskusije i edukacije relevantnih aktera koji mogu doprinijeti pobolj\u0161anju prava pre\u017eivjelih.<\/span><\/li>\n<\/ul>\n<ul>\n<li style=\"font-weight: 400;\"><span style=\"font-weight: 400;\">Podnijeli smo\u00a0 <\/span><a href=\"https:\/\/trial.ba\/?cat=6\"><span style=\"font-weight: 400;\">17 izvje\u0161taja<\/span><\/a><span style=\"font-weight: 400;\"> me\u0111unarodnim tijelima za za\u0161titu ljudskih prava zajedno sa vi\u0161e od 30 udru\u017eenja \u017ertava i organizacija iz BiH, na osnovu kojih su izdate konkretne preporuke Bosni i Hercegovini u vezi potrebe za unapre\u0111enjem prava \u017ertava rata, te izazovima suo\u010davanja sa pro\u0161lo\u0161\u0107u. Izme\u0111u ostalog, podno\u0161enje zajedni\u010dkih navoda UN Radnoj grupi za prisilne nestanke i UN Specijalnoj Izvjestiteljici o nasilju nad \u017eenama, njegovim uzrocima i posljedicama je rezultiralo njihovim zvani\u010dnim posjetama BiH proteklih godina.<\/span><\/li>\n<\/ul>\n<ul>\n<li style=\"font-weight: 400;\"><span style=\"font-weight: 400;\">Imali smo \u010dast govoriti pred <\/span><a href=\"https:\/\/www.un.org\/securitycouncil\/\"><span style=\"font-weight: 400;\">Vije\u0107em sigurnosti Ujedinjenih nacija<\/span><\/a><span style=\"font-weight: 400;\"> u cilju adresiranja problema u suo\u010davanju s pro\u0161lo\u0161\u0107u na podru\u010dju Bosne i Hercegovine i zagovaranju potrebnih koraka za napredak BiH na putu pomirenja.\u00a0<\/span><\/li>\n<\/ul>\n<ul>\n<li style=\"font-weight: 400;\"><span style=\"font-weight: 400;\">Zagovaramo zabranu negiranja, minimiziranja, opravdavanja ili odobravanja genocida, holokausta, zlo\u010dina protiv \u010dovje\u010dnosti ili ratnih zlo\u010dina, a u svrhu toga izradili smo <\/span><a href=\"https:\/\/trial.ba\/wp-content\/uploads\/2020\/02\/Nazivanje-ratnih-zlo%C4%8Dina-pravim-imenom.pdf\"><span style=\"font-weight: 400;\">publikaciju<\/span><\/a><span style=\"font-weight: 400;\"> na ovu temu, te organizovali prvu u nizu <\/span><a href=\"https:\/\/trial.ba\/?p=727\"><span style=\"font-weight: 400;\">javnih diskusija<\/span><\/a><span style=\"font-weight: 400;\">.<\/span><\/li>\n<\/ul>\n<h3><b>Besplatna pravna podr\u0161ka<\/b><\/h3>\n<ul>\n<li style=\"font-weight: 400;\"><span style=\"font-weight: 400;\">U\u010destvovali smo u podno\u0161enju apelacije Ustavnom sudu BiH, na osnovu koje je pre\u017eivjela ratnog zlo\u010dina oslobo\u0111ena sudskih tro\u0161kova i pla\u0107anja tro\u0161kova za rad i nagradu javnog pravobranila\u0161tva, a koja je otvorila put za pozivanje na ovu praksu i u drugim pojedina\u010dnim predmetima.\u00a0<\/span><\/li>\n<\/ul>\n<ul>\n<li style=\"font-weight: 400;\"><span style=\"font-weight: 400;\">Pru\u017eili smo pravnu podr\u0161ku 36 \u017ertava seksualnog nasilja u ratu, na osnovu \u010dega je, izme\u0111u ostalog, inicirano krivi\u010dno procesuiranja 9 po\u010dinioca ratnog silovanja ili drugih oblika seksualnog nasilja.<\/span><\/li>\n<\/ul>\n<ul>\n<li style=\"font-weight: 400;\"><span style=\"font-weight: 400;\">Zastupali smo pre\u017eivjelu pred <\/span><a href=\"https:\/\/www.ohchr.org\/EN\/HRBodies\/CAT\/Pages\/CATIndex.aspx\"><span style=\"font-weight: 400;\">UN Komitetom protiv torture<\/span><\/a><span style=\"font-weight: 400;\">, \u0161to je rezultiralo <\/span><span style=\"font-weight: 400;\">prvom odlukom <\/span><span style=\"font-weight: 400;\">ovog me\u0111unarodnog mehanizma u kojoj se odlu\u010divalo o predstavci \u017ertve seksualnog nasilja i koja je donesena\u00a0 protiv Bosne i Hercegovine. Ovom odlukom je, izme\u0111u ostalog, UN Komitet protiv torture po prvi put prepoznao ratno seksualno nasilje kao oblik torture.<\/span><\/li>\n<\/ul>\n<ul>\n<li style=\"font-weight: 400;\"><span style=\"font-weight: 400;\">Zastupali smo 127 \u010dlanova porodica \u017ertava prisilnog nestanka pred<\/span><a href=\"http:\/\/www.ohchr.org\/EN\/HRBodies\/CCPR\/Pages\/CCPRIndex.aspx\"><span style=\"font-weight: 400;\"> UN Komitetom za ljudska prava<\/span><\/a><span style=\"font-weight: 400;\"> i<\/span><a href=\"http:\/\/www.echr.coe.int\/Pages\/home.aspx?p=home&amp;c=\"><span style=\"font-weight: 400;\"> Evropskim sudom za ljudska prava<\/span><\/a><span style=\"font-weight: 400;\"> \u0161to je rezultiralo sa deset dobijenih slu\u010dajeva pred<\/span><a href=\"http:\/\/www.ohchr.org\/EN\/HRBodies\/CCPR\/Pages\/CCPRIndex.aspx\"><span style=\"font-weight: 400;\"> UN Komitetom za ljudska prava<\/span><\/a><span style=\"font-weight: 400;\"> vezano za prisilne nestanke.\u00a0<\/span><\/li>\n<\/ul>\n<h3><b>Izgradnja kapaciteta<\/b><\/h3>\n<ul>\n<li style=\"font-weight: 400;\"><span style=\"font-weight: 400;\">Educirali smo preko 170 sudija, tu\u017eitelja, advokata i drugog pravosudno osoblje na teme kao \u0161to su stigmatizacija pre\u017eivjelih ratnog seksualnog nasilja u toku krivi\u010dnog postupka, odmjeravanje kazni za ratno seksualno nasilje i ostvarivanje imovinskopravnih zahtjeva u okviru krivi\u010dnog postupka.<\/span><\/li>\n<\/ul>\n<ul>\n<li style=\"font-weight: 400;\"><span style=\"font-weight: 400;\">Educirali smo pravnike i aktiviste iz nevladinog sektora o upotrebi me\u0111unarodnih mehanizama u svrhu za\u0161tite prava ratnih \u017ertava, u okviru \u010dega su po prvi put odr\u017eane diskusije na temu upotrebe me\u0111unarodnih mehanizama u svrhu za\u0161tite prava pre\u017eivjelih seksualnog nasilja u ratu za studente na pravnim fakultetima u BiH.<\/span><\/li>\n<\/ul>\n\n\n<figure class=\"wp-block-embed is-type-video is-provider-youtube wp-block-embed-youtube wp-embed-aspect-16-9 wp-has-aspect-ratio\"><div class=\"wp-block-embed__wrapper\">\n<iframe loading=\"lazy\" title=\"TRIAL International - Program u BiH\" width=\"500\" height=\"281\" src=\"https:\/\/www.youtube.com\/embed\/eU3lC575nWA?feature=oembed\" frameborder=\"0\" allow=\"accelerometer; autoplay; clipboard-write; encrypted-media; gyroscope; picture-in-picture; web-share\" referrerpolicy=\"strict-origin-when-cross-origin\" allowfullscreen><\/iframe>\n<\/div><\/figure>\n","protected":false},"excerpt":{"rendered":"<p>Zagovaranje Zagovaramo kori\u0161tenje instituta imovinskopravnog zahtjeva i dosu\u0111ivanje naknade \u0161tete u krivi\u010dnim postupcima u predmetima ratnih zlo\u010dina, zahvaljuju\u0107i \u010demu je u prva dva slu\u010daja 2015. godine pred Sudom BiH u okviru krivi\u010dnog postupka pre\u017eivjelima ratnih zlo\u010dina dosu\u0111ena naknada \u0161tete i time uspostavljena praksa koja je rezultirala sa, do sada, 17 usvojenih imovinskopravnih zahtjeva i dosu\u0111enih [&hellip;]<\/p>\n","protected":false},"author":13,"featured_media":0,"parent":0,"menu_order":0,"comment_status":"closed","ping_status":"open","template":"","meta":{"footnotes":""},"class_list":["post-127","page","type-page","status-publish","hentry"],"jetpack_sharing_enabled":true,"_links":{"self":[{"href":"https:\/\/trial.ba\/index.php?rest_route=\/wp\/v2\/pages\/127","targetHints":{"allow":["GET"]}}],"collection":[{"href":"https:\/\/trial.ba\/index.php?rest_route=\/wp\/v2\/pages"}],"about":[{"href":"https:\/\/trial.ba\/index.php?rest_route=\/wp\/v2\/types\/page"}],"author":[{"embeddable":true,"href":"https:\/\/trial.ba\/index.php?rest_route=\/wp\/v2\/users\/13"}],"replies":[{"embeddable":true,"href":"https:\/\/trial.ba\/index.php?rest_route=%2Fwp%2Fv2%2Fcomments&post=127"}],"version-history":[{"count":4,"href":"https:\/\/trial.ba\/index.php?rest_route=\/wp\/v2\/pages\/127\/revisions"}],"predecessor-version":[{"id":1385,"href":"https:\/\/trial.ba\/index.php?rest_route=\/wp\/v2\/pages\/127\/revisions\/1385"}],"wp:attachment":[{"href":"https:\/\/trial.ba\/index.php?rest_route=%2Fwp%2Fv2%2Fmedia&parent=127"}],"curies":[{"name":"wp","href":"https:\/\/api.w.org\/{rel}","templated":true}]}}