{"id":129,"date":"2015-10-13T12:10:53","date_gmt":"2015-10-13T10:10:53","guid":{"rendered":"http:\/\/trial.ba\/?page_id=129"},"modified":"2026-03-17T14:37:11","modified_gmt":"2026-03-17T12:37:11","slug":"publikacije","status":"publish","type":"page","link":"https:\/\/trial.ba\/?page_id=129","title":{"rendered":"Publikacije"},"content":{"rendered":"\n<p><strong>2026:<\/strong><\/p>\n\n\n<p>\u25cf <a href=\"https:\/\/trial.ba\/wp-content\/uploads\/2026\/03\/TRIAL_Rezultati_Monitoringa_23-25_DIGITAL_final_11-3-2026-1.pdf\"data-type=\"attachment\" data-id=\"1525\">Implementacija Zakona o za\u0161titi civilnih \u017ertava rata u Federaciji BiH: Rezultati monitoringa 2023\u20132025.<\/a><\/p>\n<!-- \/wp:post-content -->\n\n<!-- wp:paragraph -->\n<p>\u25cf <a href=\"https:\/\/trial.ba\/wp-content\/uploads\/2026\/03\/02_TRIAL_Sazetak_Harun_Iseric_DIGITAL_30_01_26-2-1.pdf\" data-type=\"attachment\" data-id=\"1525\">Primjena \u010dlana 145a Krivi\u010dnog zakona Bosne i Hercegovine: Identificirani izazovi i preporuke za njihovo adresiranje<\/a><\/p>\n<!-- \/wp:paragraph -->\n\n<!-- wp:paragraph -->\n<p><strong>2025:<\/strong><\/p>\n<!-- \/wp:paragraph -->\n\n<!-- wp:paragraph -->\n<p>\u25cf <a href=\"https:\/\/trial.ba\/wp-content\/uploads\/2025\/11\/02_Trial_Banjsko-Klimatsko-Lijecenje_DIGITAL-1.pdf\" data-type=\"attachment\" data-id=\"1525\">Izme\u0111u Zakona i stvarnosti: (Ne)ostvarivanje prava na banjsko klimatsko lije\u010denje civilnih \u017ertava rata u Federaciji Bosne i Hercegovine<\/a><\/p>\n<!-- \/wp:paragraph -->\n\n<!-- wp:paragraph -->\n<p>\u25cf <a href=\"https:\/\/trial.ba\/wp-content\/uploads\/2025\/10\/02_Negiranje_Genocida_bhs_DIGITAL-2.pdf\" data-type=\"attachment\" data-id=\"1517\">Sankcionisanje negiranja genocida u Evropi<\/a> (<a href=\"https:\/\/trial.ba\/wp-content\/uploads\/2025\/10\/04_Genocide_Denial_en_DIGITAL-2.pdf\" data-type=\"attachment\" data-id=\"1523\">ENG<\/a>)<\/p>\n<!-- \/wp:paragraph -->\n\n<!-- wp:paragraph -->\n<p>\u25cf <a href=\"https:\/\/trial.ba\/wp-content\/uploads\/2026\/02\/rv_TRIAL_uncat_bhs_2025_DIGITAL-2-1.pdf\" data-type=\"attachment\" data-id=\"1464\">Provo\u0111enje neprovodivog: (Ne)obavezuju\u0107e du\u017enosti Bosne i Hercegovine prema pre\u017eivjelima ratnih zlo\u010dina <\/a> (<a href=\"https:\/\/trial.ba\/wp-content\/uploads\/2026\/02\/rv_TRIAL_uncat_en_2025_DIGITAL-1-1.pdf\" data-id=\"1465\">ENG<\/a>)<\/p>\n<!-- \/wp:paragraph -->\n\n<!-- wp:paragraph -->\n<p>\u25cf <a href=\"https:\/\/trial.ba\/wp-content\/uploads\/2025\/05\/02_TRIAL_ANALIZA_H_Iseric_29_04_2025_BHS-LAT_DIGITAL.pdf\" data-type=\"attachment\" data-id=\"1464\">Pristup pravdi za civilne \u017ertve rata\/\u017ertve ratne torture: Od zakonskih do sudskih prepreka<\/a> (<a href=\"https:\/\/trial.ba\/wp-content\/uploads\/2025\/05\/02_TRIAL_ANALIZA_H_Iseric_29_04_2025_EN_DIGITAL.pdf\" data-type=\"attachment\" data-id=\"1465\">ENG<\/a>)<\/p>\n<!-- \/wp:paragraph -->\n\n<!-- wp:paragraph -->\n<p>  \u25cf  Smjernice za unificiran i senzibiliziran pristup \u017ertvama ratne torture u Republici Srpskoj (<a href=\"https:\/\/trial.ba\/wp-content\/uploads\/2025\/03\/TRIAL_smjernice_2025_LAT_DIGITAL_final-1.pdf\" data-type=\"link\" data-id=\"https:\/\/trial.ba\/wp-content\/uploads\/2025\/03\/TRIAL_smjernice_2025_LAT_DIGITAL_final-1.pdf\">LATINICA<\/a>\/<a href=\"https:\/\/trial.ba\/wp-content\/uploads\/2025\/03\/TRIAL_smjernice_2025_CIR_DIGITAL_final-1.pdf\" data-type=\"link\" data-id=\"https:\/\/trial.ba\/wp-content\/uploads\/2025\/03\/TRIAL_smjernice_2025_CIR_DIGITAL_final-1.pdf\">\u0106IRILICA<\/a>)<\/p>\n<!-- \/wp:paragraph -->\n\n<!-- wp:paragraph -->\n<p><strong>2023:<\/strong><\/p>\n<!-- \/wp:paragraph -->\n\n<!-- wp:list -->\n<ul class=\"wp-block-list\"><!-- wp:list-item -->\n<li><a href=\"https:\/\/trial.ba\/wp-content\/uploads\/2024\/03\/VODIC-ZA-NOVINARE-Izvjestavanje-o-ratnom-seksualnom-nasilju.pdf\" data-type=\"link\" data-id=\"https:\/\/trial.ba\/wp-content\/uploads\/2024\/03\/VODIC-ZA-NOVINARE-Izvjestavanje-o-ratnom-seksualnom-nasilju.pdf\">Vodi\u010d za medijsko izvje\u0161tavanje o ratnom seksualnom i rodno zasnovanom nasilju<\/a><\/li>\n<!-- \/wp:list-item -->\n\n<!-- wp:list-item -->\n<li><a href=\"https:\/\/trial.ba\/wp-content\/uploads\/2024\/03\/TRIAL_ZAKON_ANALIZA_2024_DIGITAL.pdf\" data-type=\"link\" data-id=\"https:\/\/trial.ba\/wp-content\/uploads\/2024\/03\/TRIAL_ZAKON_ANALIZA_2024_DIGITAL.pdf\">Izazovi i implementacija Zakona o za\u0161titi \u017ertava ratne torture Republike Srpske<\/a> <\/li>\n<!-- \/wp:list-item -->\n\n<!-- wp:list-item -->\n<li><a href=\"https:\/\/trial.ba\/wp-content\/uploads\/2023\/12\/TRIAL_Kaznjavanje2023.pdf\" data-type=\"URL\" data-id=\"https:\/\/trial.ba\/wp-content\/uploads\/2023\/12\/TRIAL_Kaznjavanje2023.pdf\" target=\"_blank\" rel=\"noreferrer noopener\">Ka\u017enjavanje ratnog seksualnog nasilja<\/a> (<a href=\"https:\/\/trial.ba\/wp-content\/uploads\/2023\/12\/Sentencing-Policy-2023-ENG.pdf\" data-type=\"URL\" data-id=\"https:\/\/trial.ba\/wp-content\/uploads\/2023\/12\/Sentencing-Policy-2023-ENG.pdf\" target=\"_blank\" rel=\"noreferrer noopener\">ENG<\/a>)<\/li>\n<!-- \/wp:list-item -->\n\n<!-- wp:list-item -->\n<li>Izazovi u provo\u0111enju Zakona o za\u0161titi \u017ertava ratne torture Republike Srpske (<a href=\"https:\/\/trial.ba\/wp-content\/uploads\/2025\/03\/ZAKON-RS-Latinica.pdf\" data-type=\"link\" data-id=\"file:\/\/\/C:\/Users\/kgadz\/Downloads\/ZAKON-RS-Latinica.pdf\">LATINICA<\/a>\/<a href=\"https:\/\/trial.ba\/wp-content\/uploads\/2023\/09\/Zakon-RS-Cirilica.pdf\" data-type=\"URL\" data-id=\"https:\/\/trial.ba\/wp-content\/uploads\/2023\/09\/Zakon-RS-Cirilica.pdf\" target=\"_blank\" rel=\"noreferrer noopener\">\u0106IRILICA<\/a>)<\/li>\n<!-- \/wp:list-item --><\/ul>\n<!-- \/wp:list -->\n\n<!-- wp:paragraph -->\n<p><strong>2013-22:<\/strong><\/p>\n<!-- \/wp:paragraph -->\n\n<ul>\n<li><a href=\"https:\/\/trial.ba\/wp-content\/uploads\/2023\/04\/Negiranje-ratnih-zlocina-publika.pdf\">Negiranje, glorifikovanje i odobravanje ratnih zlo\u010dina u svjetlu prakse sudova i me\u0111unarodnih mehanizama za za\u0161titu ljudskih prava - Kratki prikaz odabrane prakse Evropskog suda za ljudska prava, Evropske komisije za ljudska prava i Komiteta za ljudska prava Ujedinjenih nacija vezane za slu\u010dajeve iz Njema\u010dke, Austrije, Francuske i \u0160vajcarske<\/a><\/li>\n<li><a href=\"https:\/\/trial.ba\/wp-content\/uploads\/2022\/11\/Zakonsko-priznanje-djece-rodjene-zbog-rata-u-Bosni-i-Hercegovini-Glasna-afirmacija-u-kontekstu-globalne-sutnje.pdf\">Zakonsko priznanje djece ro\u0111ene zbog rata u Bosni i Hercegovini - Glasna afirmacija u kontekstu globalne \u0161utnje <\/a><a href=\"https:\/\/trial.ba\/wp-content\/uploads\/2022\/11\/Legislation-Pertaining-to-Children-Born-of-War-in-Bosnia-and-Herzegovina-A-Resounding-Affirmation-in-the-Context-of-Global-Silence.pdf\">(ENG)<\/a><\/li>\n<li><a href=\"https:\/\/trial.ba\/wp-content\/uploads\/2022\/04\/Procjena-djelotvornosti-zahtjeva-za-naknadu-stete-u-krivicnom-postupku-1.pdf\">Procjena djelotvornosti zahtjeva za naknadu \u0161tete u krivi\u010dnom postupku<\/a> <a href=\"https:\/\/trial.ba\/wp-content\/uploads\/2022\/04\/ASSESS1.pdf\">(ENG)<\/a><\/li>\n<li><a href=\"https:\/\/trial.ba\/wp-content\/uploads\/2022\/03\/Studija-o-mogucnostima-ostvarivanja-reparacija-za-prezivjele-ratnog-seksualnog-nasilja-u-Bosni-i-Hercegovini-\u2014-Zajedno-dizemo-glas-1.pdf\">Studija o mogu\u0107nostima ostvarivanja reparacija za pre\u017eivjele ratnog seksualnog nasilja u Bosni i Hercegovini \u2014 Zajedno di\u017eemo glas<\/a>\u00a0 <a href=\"https:\/\/trial.ba\/wp-content\/uploads\/2022\/03\/Bosnia-and-Herzegovina-study-on-opportunities-for-reparations-for-survivors-of-conflict-related-sexual-violence-\u2014-We-raise-our-voices.pdf\">(ENG)<\/a><\/li>\n<li><a href=\"https:\/\/trial.ba\/wp-content\/uploads\/2022\/02\/Vodic-za-ostvarivanje-naknade-stete-u-krivicnom-postupku-imovinskopravni-zahtjev.pdf\">Vodi\u010d za ostvarivanje naknade \u0161tete u krivi\u010dnom postupku (imovinskopravni zahtjev)<\/a><\/li>\n<li><a href=\"https:\/\/trial.ba\/wp-content\/uploads\/2022\/02\/UNCAT-odluka-donesena-protiv-BiH.pdf\">UNCAT odluka donesena protiv BiH<\/a><\/li>\n<li><a href=\"https:\/\/trial.ba\/wp-content\/uploads\/2021\/10\/Studija-o-reparacijama-BiH-Preliminarni-nalazi.pdf\">Studija o mogu\u0107nostima ostvarivanja reparacija za pre\u017eivjele ratnog seksualnog nasilja u BiH - Preliminarni nalazi\u00a0 <\/a><a href=\"https:\/\/trial.ba\/wp-content\/uploads\/2021\/11\/GSF_Country_Sheet_BiHFINAL.pdf\">(ENG)<\/a><\/li>\n<li><a href=\"https:\/\/trial.ba\/wp-content\/uploads\/2021\/06\/01_Parnicni_postupci_Trial_International_Digital.pdf\">Parni\u010dni postupci za naknadu \u0161tete \u017ertava ratnih zlo\u010dina koji se vode pred sudovima u Bosni i Hercegovini - Argumenti koji se mogu isticati u podnescima u cilju za\u0161tite njihovih prava<\/a><\/li>\n<li><a href=\"https:\/\/trial.ba\/wp-content\/uploads\/2020\/10\/Prikaz-Pravna-regulacija-zabrane-negiranja-ratnih-zlocina.pdf\">Kratki prikaz \u2014 Pravna regulacija zabrane negiranja (poricanja), minimiziranja, opravdavanja ili odobravanja genocida, holokausta, zlo\u010dina protiv \u010dovje\u010dnosti ili ratnih zlo\u010dina u Bosni i Hercegovini<\/a> (<a href=\"https:\/\/trial.ba\/wp-content\/uploads\/2020\/10\/Policy-Brief-Regulating-a-Ban-on-Denial-of-War-Crimes.pdf\">ENG<\/a>)<\/li>\n<li><a href=\"https:\/\/trial.ba\/wp-content\/uploads\/2020\/10\/Prikaz-Nazivanje-ratnih-zlocina-pravim-imenom-u-bosanskohercegovackom-drustvu.pdf\">Kratki prikaz \u2014 Nazivanje ratnih zlo\u010dina pravim imenom u bosanskohercegova\u010dkom dru\u0161tvu<\/a> (<a href=\"https:\/\/trial.ba\/wp-content\/uploads\/2020\/10\/Policy-Brief-Calling-war-atrocities-by-their-right-name-in-the-society-of-Bosnia-and-Herzegovina.pdf\">ENG<\/a>)<\/li>\n<li><a href=\"https:\/\/trial.ba\/wp-content\/uploads\/2021\/02\/TRIAL_ZFD_BHS_2019_WEB-1.pdf\">Nazivanje ratnih zlo\u010dina pravim imenom \u2014 Pravna regulacija zabrane negiranja (poricanja), minimiziranja, opravdavanja ili odobravanja genocida, holokausta, zlo\u010dina protiv \u010dovje\u010dnosti ili ratnih zlo\u010dina<\/a> (<a href=\"https:\/\/trial.ba\/wp-content\/uploads\/2020\/02\/Calling-War-Atrocities-by-Their-Right-Name.pdf\">ENG<\/a>)<\/li>\n<li><a href=\"https:\/\/trial.ba\/wp-content\/uploads\/2021\/02\/Zakoni-o-negiranju.pdf\">Tabelarni prikaz zakonskih rje\u0161enja negiranja u drugim dr\u017eavama<\/a> (<a href=\"https:\/\/trial.ba\/wp-content\/uploads\/2020\/02\/Table-overview-of-denial-laws-in-other-countries.pdf\">ENG<\/a>)<\/li>\n<li><a href=\"https:\/\/trial.ba\/wp-content\/uploads\/2021\/02\/Kaznjavanje-ratnog-seksualnog-nasilja-Smjernice-za-suzbijanje-nedosljedn....pdf\">Ka\u017enjavanje ratnog seksualnog nasilja - Smjernice za suzbijanje nedosljednosti u odmjeravanju kazni<\/a>\u00a0<a href=\"https:\/\/trial.ba\/wp-content\/uploads\/2019\/05\/01_publication__en_page_by_page_WEB.pdf\">(ENG)<\/a><\/li>\n<li><a href=\"https:\/\/trial.ba\/wp-content\/uploads\/2021\/02\/Odmjeravanje-kazni-za-ratno-seksualno-nasilje-prakticne-smjernice.pdf\">Odmjeravanje kazni za ratno seksualno nasilje - prakti\u010dne smjernice<\/a><\/li>\n<li><a href=\"https:\/\/trial.ba\/wp-content\/uploads\/2021\/02\/IMOVINSKOPRAVNI-ZAHTJEVI-U-KRIVICNOM-POSTUPKU.pdf\">Imovinskopravni zahtjevi u krivi\u010dnom postupku - Priru\u010dnik za pravosudno osoblje\u00a0<\/a><\/li>\n<li><a href=\"https:\/\/trial.ba\/wp-content\/uploads\/2018\/01\/20180112-TRIAL-Rape-Myths-BHS-WEB.pdf\">Mitovi o silovanju na su\u0111enjima za ratno seksualno nasilje-prebacivanje tereta sa pre\u017eivjelih na po\u010dinitelje <\/a>(<a href=\"https:\/\/trial.ba\/wp-content\/uploads\/2018\/01\/20180112-TRIAL-Rape-Myths-ENG-WEB.pdf\">ENG<\/a>)<\/li>\n<li><a href=\"https:\/\/trial.ba\/wp-content\/uploads\/2017\/04\/Free_legal-aid-_BOS1-.pdf\">Besplatna pravna pomo\u0107 \u017ertvama ratnih zlo\u010dina koje ostvaruju naknadu \u0161tete u krivi\u010dnim postupcima<\/a> (<a href=\"https:\/\/trial.ba\/wp-content\/uploads\/2017\/04\/Free_legal_aid_-ENG.pdf\">ENG<\/a>)<\/li>\n<li><a href=\"https:\/\/trial.ba\/wp-content\/uploads\/2017\/04\/20170322-TRIAL-Djelotvorno-ostvarivanje-WEB.pdf\">Djelotvorno ostvarivanje zahtjeva za naknadu \u0161tete \u017ertava ratnih zlo\u010dina u okviru krivi\u010dnih postupaka u Bosni i Hercegovini- nalozi i standardi me\u0111unarodnog prava i prava EU<\/a> (<a href=\"https:\/\/trial.ba\/wp-content\/uploads\/2017\/10\/20170424-TRIAL-Djelotvorno-ostvarivanje-ENG.pdf\">Sa\u017eetak ENG<\/a>)<\/li>\n<li><a href=\"https:\/\/trial.ba\/wp-content\/uploads\/2017\/03\/20170313-TRIAL-Prikaz-sudske-prakse-WEB.pdf\">Dosu\u0111ivanje naknade nematerijalne \u0161tete i kriteriji za odmjeravanje iznosa naknada (Prikaz sudske prakse u krivi\u010dnim i parni\u010dnim postupcima u BiH)<\/a><\/li>\n<li><a href=\"https:\/\/trial.ba\/wp-content\/uploads\/2016\/11\/TRIAL_publikacija_bhs_web-1.pdf\">Obe\u0161te\u0107enje pre\u017eivjelih u okviru krivi\u010dnih postupaka: Perspektive sa terena<\/a> (<a href=\"https:\/\/trial.ba\/wp-content\/uploads\/2016\/11\/TRAIL_english_web-1.pdf\">ENG<\/a>)<\/li>\n<li><a href=\"https:\/\/trial.ba\/wp-content\/uploads\/2016\/01\/TRIAL-BiH-promotional-brochure-4.pdf\">TRIAL u BiH promotivna bro\u0161ura (ENG)<\/a><\/li>\n<li><a href=\"https:\/\/trial.ba\/wp-content\/uploads\/2021\/02\/BOS_Ostvarivanje-zahtjeva-za-naknadu-stete-zrtava-ratnih-zlocina-u-okviru-krivicnih-postupaka-u-Bosni-i-Hercegovini-\u2013-stanje-problemi-i-perspektive-.pdf\">Ostvarivanje zahtjeva za naknadu \u0161tete \u017ertava ratnih zlo\u010dina u okviru krivi\u010dnih postupaka u Bosni i Hercegovini \u2013 stanje, problemi i perspektive<\/a> (<a href=\"https:\/\/trial.ba\/wp-content\/uploads\/2021\/02\/ENG_Ostvarivanje-zahtjeva-za-naknadu-stete-zrtava-ratnih-zlocina-u-okviru-krivicnih-postupaka-u-Bosni-i-Hercegovini-\u2013-stanje-problemi-i-perspektive-.pdf\">ENG<\/a>)<\/li>\n<\/ul>\n<ul>\n<li><a href=\"https:\/\/trial.ba\/wp-content\/uploads\/2021\/02\/Izmedu-stigme-i-zaborava-Vodic-za-odbranu-prava-zena-zrtava-silovanja-ili-drugih-oblika-seksualnog-nasilja-u-Bosni-i-hercegovini.pdf\">Izme\u0111u stigme i zaborava -Vodi\u010d za odbranu prava \u017eena- \u017ertava silovanja ili drugih oblika seksualnog nasilja u Bosni i Hercegovini<\/a><\/li>\n<\/ul>\n<ul>\n<li><a href=\"https:\/\/trial.ba\/wp-content\/uploads\/2021\/02\/Odstetni-postupci-bivsih-logorasa-u-Bosni-i-Hercegovini-\u2013-prikaz-neujednacene-sudske-prakse-postojecih-pravnih-dilema-i-relevantnih-medunarodnih-standarda.pdf\">Od\u0161tetni postupci biv\u0161ih logora\u0161a u Bosni i Hercegovini \u2013 prikaz neujedna\u010dene sudske prakse, postoje\u0107ih pravnih dilema i relevantnih me\u0111unarodnih standarda<\/a><\/li>\n<li><a href=\"https:\/\/trial.ba\/wp-content\/uploads\/2021\/02\/Analiza-presude-Cindric-i-Beslic-u-bh.-kontekstu-TRIAL.pdf\">Analiza - Novi stavovi Evropskog suda za ljudska prava kao putokaz za rje\u0161avanje pitanja naplate sudskih tro\u0161kova od \u017ertava ratnih zlo\u010dina u Bosni i Hercegovini<\/a><\/li>\n<\/ul>\n\n<!-- wp:paragraph -->\n<p><\/p>\n<!-- \/wp:paragraph -->","protected":false},"excerpt":{"rendered":"<p>2026: \u25cf Implementacija Zakona o za\u0161titi civilnih \u017ertava rata u Federaciji BiH: Rezultati monitoringa 2023\u20132025. \u25cf Primjena \u010dlana 145a Krivi\u010dnog zakona Bosne i Hercegovine: Identificirani izazovi i preporuke za njihovo adresiranje 2025: \u25cf Izme\u0111u Zakona i stvarnosti: (Ne)ostvarivanje prava na banjsko klimatsko lije\u010denje civilnih \u017ertava rata u Federaciji Bosne i Hercegovine \u25cf Sankcionisanje negiranja genocida [&hellip;]<\/p>\n","protected":false},"author":13,"featured_media":0,"parent":0,"menu_order":0,"comment_status":"closed","ping_status":"open","template":"","meta":{"footnotes":""},"class_list":["post-129","page","type-page","status-publish","hentry"],"jetpack_sharing_enabled":true,"_links":{"self":[{"href":"https:\/\/trial.ba\/index.php?rest_route=\/wp\/v2\/pages\/129","targetHints":{"allow":["GET"]}}],"collection":[{"href":"https:\/\/trial.ba\/index.php?rest_route=\/wp\/v2\/pages"}],"about":[{"href":"https:\/\/trial.ba\/index.php?rest_route=\/wp\/v2\/types\/page"}],"author":[{"embeddable":true,"href":"https:\/\/trial.ba\/index.php?rest_route=\/wp\/v2\/users\/13"}],"replies":[{"embeddable":true,"href":"https:\/\/trial.ba\/index.php?rest_route=%2Fwp%2Fv2%2Fcomments&post=129"}],"version-history":[{"count":30,"href":"https:\/\/trial.ba\/index.php?rest_route=\/wp\/v2\/pages\/129\/revisions"}],"predecessor-version":[{"id":1576,"href":"https:\/\/trial.ba\/index.php?rest_route=\/wp\/v2\/pages\/129\/revisions\/1576"}],"wp:attachment":[{"href":"https:\/\/trial.ba\/index.php?rest_route=%2Fwp%2Fv2%2Fmedia&parent=129"}],"curies":[{"name":"wp","href":"https:\/\/api.w.org\/{rel}","templated":true}]}}