{"id":163,"date":"2015-10-13T14:22:36","date_gmt":"2015-10-13T12:22:36","guid":{"rendered":"http:\/\/trial.ba\/?page_id=163"},"modified":"2015-10-21T11:24:04","modified_gmt":"2015-10-21T09:24:04","slug":"seksualno-nasilje-2","status":"publish","type":"page","link":"https:\/\/trial.ba\/?page_id=163","title":{"rendered":"Seksualno nasilje"},"content":{"rendered":"<p style=\"text-align: justify;\">Tokom rata (1992-1995) u Bosni i Hercegovini (BiH) ratno silovanje i drugi oblici seksualnog nasilja bili su veoma rasprostranjeni i kori\u0161teni kao sredstvo za sprovo\u0111enje etni\u010dkog \u010di\u0161\u0107enja i pove\u0107anje me\u0111u-etni\u010dke mr\u017enje. Broj \u017ertava ratnog seksualnog nasilja u BiH se prema podacima iz razli\u010ditih izvora kre\u0107e od 20.000 do 50.000. Ovom zlo\u010dinu najvi\u0161e su bile izlo\u017eene \u017eene, ali tako\u0111er postoje dokazi da je seksualno nasilje tokom rata po\u010dinjeno i nad mu\u0161karcima. Na\u017ealost,\u00a0\u017ertve\u00a0seksualnog nasilja\u00a0\u010desto su stigmatizirane\u00a0u dru\u0161tvu,\u00a0i\u00a0generalno, ratno silovanje\u00a0je jedan od zlo\u010dina koji je najmanje prijavljivan nadle\u017enim organima. Osim toga\u00a0ve\u0107ina\u00a0onih koji su odgovorni\u00a0za\u00a0po\u010dinjene zlo\u010dine i dalje nisu dovedeni pred lice pravde. Istovremeno pre\u017eivjele\/i se i dalje bore sa traumama, \u0161to za posljedicu ima psiholo\u0161ke i fizi\u010dke pote\u0161ko\u0107e. Me\u0111unarodni krivi\u010dni tribunal za biv\u0161u Jugoslaviju (<a href=\"http:\/\/www.icty.org\">ICTY<\/a>) je imao va\u017enu ulogu u uspostavljanju me\u0111unarodne prakse i kvalifikovanju ratnog silovanja kao zlo\u010dina protiv \u010dovje\u010dnosti, ratnog zlo\u010dina, \u00a0genocida i torture. Su\u0111enje <a href=\"http:\/\/www.icty.org\/cases\/party\/787\/4\">Du\u0161ku Tadi\u0107u<\/a>, biv\u0161em predsjedniku lokalnog odbora Srpske demokratske stranke (SDS) u Kozarcu, bio je prvi slu\u010daj procesuiranja ratnog zlo\u010dina pred \u00a0ICTY-om, ali i prvi slu\u010daj u kojem se sudilo za seksualno nasilje. U slu\u010daju <a href=\"http:\/\/www.icty.org\/cases\/party\/712\/4\">Dragoljuba Kunarca<\/a>, ICTY je prvi put kvalifikovao silovanje kao zlo\u010din protiv \u010dovje\u010dnosti, te je prvi put jedan me\u0111unarodnih tribunala procesuirao zlo\u010din kvalificiran kao seksualno ropstvo. Sudovi u BiH su nastavili praksu procesuiranja po\u010dinitelja ratnog seksualnog nasilja, ali napori doma\u0107ih sudova su i dalje nedovoljni u pore\u0111enju sa obimom po\u010dinjenih zlo\u010dina.<\/p>\r\n<p style=\"text-align: justify;\">Od 2010. godine TRIAL poma\u017ee pre\u017eivjelima da ostvare svoja prava na pravdu i od\u0161tetu kroz pru\u017eanje besplatne pravne podr\u0161ke i zagovara\u010dke aktivnosti.<\/p>\r\n<p style=\"text-align: justify;\">Aktivnosti vezane za ovu problematiku obuhvataju:<\/p>\r\n\r\n<ol>\r\n\t<li style=\"text-align: justify;\">Pru\u017eanje besplatne pravne podr\u0161ke i pravnih savjeta pre\u017eivjelima i lokalnim udru\u017eenjima \u017ertava u pripremi i podno\u0161enju pojedina\u010dnih tu\u017ebi, zahtjeva i dopisa u vezi sa ratnim seksualnim nasiljem pred doma\u0107im i\/ili me\u0111unarodnim sudskim i drugim relevantnim institucijama. Besplatna pravna podr\u0161ka se pru\u017ea imaju\u0107i u vidu ne samo pojedina\u010dne slu\u010dajeve, nego i strate\u0161ko parni\u010denje u oblasti za\u0161tite ljudskih prava, s ciljem stvaranja pozitivne sudske prakse za sve budu\u0107e slu\u010dajeve. TRIAL tako\u0111er vr\u0161i pritisak na doma\u0107e sudske institucije da identifikuju po\u010dinitelje zlo\u010dina i da ih krivi\u010dno gone. Pored toga obezbje\u0111uje \u017ertvama pravnog\/u zastupnika\/cu i koordinira proces podno\u0161enja zahtjeva za naknadu nematerijalne \u0161tete u krivi\u010dnom, kao i u parni\u010dnom postupku, te radi na zagovaranju za implementaciju dodjeljenih naknada nematerijalne \u0161tete.<\/li>\r\n\t<li style=\"text-align: justify;\">Priprema i podno\u0161enje alternativnih izvje\u0161taja i\/ili op\u0161tih navoda o preprekama sa kojima se susre\u0107u pre\u017eivjele\/i u ostvarivanju njihovih prava u BiH prema razli\u010ditim me\u0111unarodnim mehanizmima za za\u0161titu ljudskih prava: <a href=\"http:\/\/www.ohchr.org\/en\/hrbodies\/cat\/pages\/catindex.aspx\">Komiteta protiv mu\u010denja (CAT),<\/a> <a href=\"http:\/\/www.ohchr.org\/EN\/HRBodies\/CCPR\/Pages\/Membership.aspx\">Komiteta za ljudska prava (HRC)<\/a> i <a href=\"http:\/\/www.un.org\/womenwatch\/daw\/cedaw\/\">Komiteta za eliminaciju diskriminacije nad \u017eenama (CEDAW)<\/a>, kao i <a href=\"http:\/\/www.ohchr.org\/EN\/HRBodies\/SP\/Pages\/Welcomepage.aspx\">UN specijalnim procedurama<\/a>.<\/li>\r\n\t<li style=\"text-align: justify;\">TRIAL koristi socijalne medije (Facebook, Twitter) mjese\u010dni Newsletter, kao i javne doga\u0111aje (prezentacije za studente\/ice, diskusije, okrugle stolove itd.) za podizanje svijesti javnosti o situaciji u kojoj se nalaze pre\u017eivjele\/i, naro\u010dito o problemu neka\u017enjivosti, pozivaju\u0107i se kontinuirano na me\u0111unarodne standarde za\u0161tite ljudskih prava koje dr\u017eavu BiH obavezuju da za\u0161titi prava ove populacije.<\/li>\r\n\t<li style=\"text-align: justify;\">Objavljivanje analiza, izvje\u0161taja, bro\u0161ura, vodi\u010da i ostalih korisnih dokumenata, te distribuiranje institucijama u BiH, medijima, me\u0111unarodnim organizacijama i predstavnicima\/ama civilnog dru\u0161tva sa ciljem podizanja svijesti o situaciji pre\u017eivjelih, kako bi ovu temu zadr\u017eali na dnevnim agendama, te potakli bh. vlasti da bez odlaganja rje\u0161avaju njihove probleme, te da ih informi\u0161u o njihovim pravima.<\/li>\r\n\t<li style=\"text-align: justify;\">Zagovaranje za izmjene, usvajanje i implementaciju nacionalnog zakonodavstva i pozitivnih praksi koje se ti\u010du prava pre\u017eivjelih, s ciljem uskla\u0111ivanja sa me\u0111unarodnim normama koje garantuju osnovna ljudska prava. TRIAL aktivno radi na podr\u0161ci inicijativama za pripreme prijedloga zakona, programa i strategija, te zagovara usvajanje i sprovo\u0111enje istih kroz razli\u010dite aktivnosti i na razli\u010ditim nivoima vlasti.<\/li>\r\n<\/ol>","protected":false},"excerpt":{"rendered":"<p>Tokom rata (1992-1995) u Bosni i Hercegovini (BiH) ratno silovanje i drugi oblici seksualnog nasilja bili su veoma rasprostranjeni i kori\u0161teni kao sredstvo za sprovo\u0111enje etni\u010dkog \u010di\u0161\u0107enja i pove\u0107anje me\u0111u-etni\u010dke mr\u017enje. Broj \u017ertava ratnog seksualnog nasilja u BiH se prema podacima iz razli\u010ditih izvora kre\u0107e od 20.000 do 50.000. Ovom zlo\u010dinu najvi\u0161e su bile izlo\u017eene [&hellip;]<\/p>\n","protected":false},"author":13,"featured_media":0,"parent":0,"menu_order":0,"comment_status":"closed","ping_status":"closed","template":"","meta":{"footnotes":""},"class_list":["post-163","page","type-page","status-publish","hentry"],"jetpack_sharing_enabled":true,"_links":{"self":[{"href":"https:\/\/trial.ba\/index.php?rest_route=\/wp\/v2\/pages\/163","targetHints":{"allow":["GET"]}}],"collection":[{"href":"https:\/\/trial.ba\/index.php?rest_route=\/wp\/v2\/pages"}],"about":[{"href":"https:\/\/trial.ba\/index.php?rest_route=\/wp\/v2\/types\/page"}],"author":[{"embeddable":true,"href":"https:\/\/trial.ba\/index.php?rest_route=\/wp\/v2\/users\/13"}],"replies":[{"embeddable":true,"href":"https:\/\/trial.ba\/index.php?rest_route=%2Fwp%2Fv2%2Fcomments&post=163"}],"version-history":[{"count":3,"href":"https:\/\/trial.ba\/index.php?rest_route=\/wp\/v2\/pages\/163\/revisions"}],"predecessor-version":[{"id":226,"href":"https:\/\/trial.ba\/index.php?rest_route=\/wp\/v2\/pages\/163\/revisions\/226"}],"wp:attachment":[{"href":"https:\/\/trial.ba\/index.php?rest_route=%2Fwp%2Fv2%2Fmedia&parent=163"}],"curies":[{"name":"wp","href":"https:\/\/api.w.org\/{rel}","templated":true}]}}