{"id":167,"date":"2015-10-13T14:26:59","date_gmt":"2015-10-13T12:26:59","guid":{"rendered":"http:\/\/trial.ba\/?page_id=167"},"modified":"2015-10-21T11:21:23","modified_gmt":"2015-10-21T09:21:23","slug":"prisilni-nestanci","status":"publish","type":"page","link":"https:\/\/trial.ba\/?page_id=167","title":{"rendered":"Prisilni nestanci"},"content":{"rendered":"<p style=\"text-align: justify;\">Tokom rata u BiH (1992-1995), vi\u0161e od 100.000 ljudi je ubijeno i\/ili nestalo, oko dva miliona je prisilno \u00a0promijenilo mjesto stanovanja, a hiljade osoba je bilo zatvoreno u koncentracionim logorima gdje su dr\u017eani u nehumanim uvjetima, \u010desto podvrgnuti mu\u010denju, ne\u010dovje\u010dnom i poni\u017eavaju\u0107em postupanju. Pored silovanja i seksualnog nasilja koje je po\u010dinjeno, prisilni nestanci su bili jedan od najmasovnijih zlo\u010dina. Prisilni nestanci de\u0161avali su se tokom cijelog rata, a najmasovniji su bili 1992. godine, za vrijeme operacija etni\u010dkog \u010di\u0161\u0107enja, i 1995. godine, u isto\u010dnoj Bosni nakon pada UN &#8220;sigurne zone&#8221; Srebrenica i \u017depa. Tokom posjete BiH, <a href=\"http:\/\/www.ohchr.org\/EN\/Issues\/Disappearances\/Pages\/DisappearancesIndex.aspx\">Radna grupa za prisilne i nedobrovoljne nestanke Ujedinjenih nacija<\/a>, je u <a href=\"http:\/\/gallery.mailchimp.com\/d73169f45a1382f28539eec3f\/files\/A_HRC_16_48_Add.1Edited_Final.pdf\">izvje\u0161taju<\/a> iz 2010 godine. istakla da je broj nestalih osoba izme\u0111u 28.000 i 30.000, a jo\u0161 uvijek \u00a0se traga za 8.000 lica. Od po\u010detka implementacije aktivnosti u BiH koje su zapo\u010dele krajem 2007. godine, TRIAL je ostvario partnerstvo sa lokalnim udru\u017eenjima porodica nestalih koja su organizaciji predstavljali slu\u010dajeve prisilnih nestanaka gra\u0111ana i gra\u0111anki BiH \u010diji su \u010dlanovi porodica iscrpili sve postoje\u0107e doma\u0107e pravne lijekove, a koji su htjeli svoje slu\u010dajeve dovesti na me\u0111unarodni nivo.<\/p>\r\n<p style=\"text-align: justify;\">Rad TRIAL-a vezano za ovu populaciju ratnih \u017ertava podrazumijeva:<\/p>\r\n\r\n<ol>\r\n\t<li style=\"text-align: justify;\">Rad na pripremama i podno\u0161enju slu\u010dajeva prisilnih nestanaka pred me\u0111unarodna tijela za za\u0161titu ljudskih prava &#8211; <a href=\"http:\/\/www.echr.coe.int\/Pages\/home.aspx?p=home&amp;c=\">Evropski sud za ljudska prava (ECtHR)<\/a> i <a href=\"http:\/\/www.ohchr.org\/EN\/HRBodies\/CCPR\/Pages\/CCPRIndex.aspx\">UN Komitet za ljudska prava (HRC).<\/a><\/li>\r\n\t<li style=\"text-align: justify;\">Aktivnosti vezane za implementaciju pozitivnih odluka <a href=\"http:\/\/www.ohchr.org\/EN\/HRBodies\/CCPR\/Pages\/CCPRIndex.aspx\">UN Komiteta za ljudska prava<\/a> koje se ogledaju u neposrednoj komunikaciji sa nadle\u017enim institucijama o koracima koji bi se trebali preuzeti da bi sprovele nalo\u017eene preporuke i za\u0161titila prava \u010dlanova porodica nestalih lica, te redovno izvje\u0161tavanje UN mehanizama o stanju provo\u0111enja preporuka.<\/li>\r\n\t<li style=\"text-align: justify;\">Podno\u0161enje alternativnih izvje\u0161taja me\u0111unarodnim mehanizmima za za\u0161titu ljudskih prava o sveukupnom stanju ove populacije u BiH, uklju\u010duju\u0107i UN <a href=\"http:\/\/www.ohchr.org\/en\/hrbodies\/cat\/pages\/catindex.aspx\">Komitet protiv mu\u010denja (CAT)<\/a>, <a href=\"http:\/\/www.ohchr.org\/EN\/HRBodies\/CCPR\/Pages\/CCPRIndex.aspx\">Komitet za ljudska prava (HRC),<\/a>\u00a0 i Radnu grupu za prisilne i nedobrovoljne nestanke.<\/li>\r\n\t<li style=\"text-align: justify;\">Podizanje svijesti javnosti o situaciji u kojoj se nalaze porodice nestalih osoba koriste\u0107i socijalne medije TRIAL-a (Facebook, Twitter, mjese\u010dni Newsletter), kao i javne doga\u0111aje (prezentacije za studente\/ice, diskusije, okrugli stolovi i sl.) .<\/li>\r\n\t<li style=\"text-align: justify;\">Objavljivanje analiza, izvje\u0161taja, bro\u0161ura, vodi\u010da i ostalih korisnih dokumenta, te distribuiranje institucijama u BiH, medijima, me\u0111unarodnim organizacijama i predstavnicima\/ama civilnog dru\u0161tva sa ciljem podizanja svijesti o situaciji porodica nestalih lica, kako bi ovu temu zadr\u017eali na dnevnim agendama, te potakli bh. vlasti da rje\u0161avaju njihove probleme bez daljeg odlaganja, te da ih informi\u0161u o njihovim pravima.<\/li>\r\n\t<li style=\"text-align: justify;\">Lobiranje za izmjene nacionalnog zakonodavstva koje se ti\u010de prava ove kategorije \u017ertava, s ciljem uskla\u0111ivanja sa me\u0111unarodnim standardima za\u0161tite ljudskih prava ove populacije. TRIAL aktivno radi na pord\u0161ci inicijativama za pripreme prijedloga zakona, programa i strategija, te zagovara usvajanje i sprovo\u0111enje istih kroz razli\u010dite aktivnosti i na razli\u010ditim nivoima vlasti.<\/li>\r\n<\/ol>","protected":false},"excerpt":{"rendered":"<p>Tokom rata u BiH (1992-1995), vi\u0161e od 100.000 ljudi je ubijeno i\/ili nestalo, oko dva miliona je prisilno \u00a0promijenilo mjesto stanovanja, a hiljade osoba je bilo zatvoreno u koncentracionim logorima gdje su dr\u017eani u nehumanim uvjetima, \u010desto podvrgnuti mu\u010denju, ne\u010dovje\u010dnom i poni\u017eavaju\u0107em postupanju. Pored silovanja i seksualnog nasilja koje je po\u010dinjeno, prisilni nestanci su bili [&hellip;]<\/p>\n","protected":false},"author":13,"featured_media":0,"parent":0,"menu_order":0,"comment_status":"closed","ping_status":"closed","template":"","meta":{"footnotes":""},"class_list":["post-167","page","type-page","status-publish","hentry"],"jetpack_sharing_enabled":true,"_links":{"self":[{"href":"https:\/\/trial.ba\/index.php?rest_route=\/wp\/v2\/pages\/167","targetHints":{"allow":["GET"]}}],"collection":[{"href":"https:\/\/trial.ba\/index.php?rest_route=\/wp\/v2\/pages"}],"about":[{"href":"https:\/\/trial.ba\/index.php?rest_route=\/wp\/v2\/types\/page"}],"author":[{"embeddable":true,"href":"https:\/\/trial.ba\/index.php?rest_route=\/wp\/v2\/users\/13"}],"replies":[{"embeddable":true,"href":"https:\/\/trial.ba\/index.php?rest_route=%2Fwp%2Fv2%2Fcomments&post=167"}],"version-history":[{"count":2,"href":"https:\/\/trial.ba\/index.php?rest_route=\/wp\/v2\/pages\/167\/revisions"}],"predecessor-version":[{"id":223,"href":"https:\/\/trial.ba\/index.php?rest_route=\/wp\/v2\/pages\/167\/revisions\/223"}],"wp:attachment":[{"href":"https:\/\/trial.ba\/index.php?rest_route=%2Fwp%2Fv2%2Fmedia&parent=167"}],"curies":[{"name":"wp","href":"https:\/\/api.w.org\/{rel}","templated":true}]}}