{"id":7,"date":"2014-02-04T12:24:55","date_gmt":"2014-02-04T10:24:55","guid":{"rendered":"http:\/\/trial.virtual-garbun.org\/trial\/?page_id=7"},"modified":"2025-08-06T14:15:23","modified_gmt":"2025-08-06T12:15:23","slug":"o-nama","status":"publish","type":"page","link":"https:\/\/trial.ba\/","title":{"rendered":"O TRIAL-u"},"content":{"rendered":"Osnovan 2002. godine u \u017denevi, TRIAL International je organizacija sa mandatom da stavi pravo u slu\u017ebu \u017ertava me\u0111unarodnih zlo\u010dina (genocida, zlo\u010dina protiv \u010dovje\u010dnosti, ratnih zlo\u010dina, torture i prisilnog nestanka). TRIAL International se bori protiv neka\u017enjivosti po\u010dinitelja najte\u017eih me\u0111unarodnih zlo\u010dina. Organizacija zastupa interese \u017ertava pred \u0161vicarskim sudovima i brojnim me\u0111unarodnim tijelima za za\u0161titu ljudskih prava. TRIAL International tako\u0111er radi na podizanju svijesti vlasti i javnosti u vezi sa potrebom za efikasnim nacionalnim i me\u0111unarodnim pravosudnim sistemom za procesuiranje zlo\u010dina.\n\nU proteklih 12 godina je pru\u017eio pravnu pomo\u0107 za 360 \u017ertava, kori\u0161tenjem 145 me\u0111unarodnih postupaka koji se ti\u010du Al\u017eira, Bosne i Hercegovine (BiH), Burundija, Libije, Nepala, Rusije i Tunisa. Organizacija je podnijela 50 izvje\u0161taja UN-u, te podr\u017eala ili direktno radila na vi\u0161e od 120 doma\u0107ih postupaka od kojih je veliki broj rezultirao istragama, presudama ili se iste o\u010dekuju, i to u Al\u017eiru, Bosni i Hercegovini, Burundiju, Francuskoj, Nepalu, \u0160vicarskoj, Tunisu i Ujedinjenom Kraljevstvu. TRIAL International je 2007. godine uspostavio program u okviru odjela za ljudska prava sa ciljem \u201dpobolj\u0161anja statusa \u017ertava u zemljama \u0161irom svijeta putem vr\u0161enja pritiska na vlade i vlasti da po\u0161tuju me\u0111unarodne standarde koje su preuzeli ratifikacijom me\u0111unarodnih konvencija o ljudskim pravima\u201d.\n\nPravni programi uspostavljeni su u Bosni i Hercegovini, Burundiju, Demokratskoj Republici Kongo, Nepalu, ali organizacija se aktivno bori i za prava \u017ertava u Al\u017eiru, Libiji, Maroku, Rusiji i Tunisu.","protected":false},"excerpt":{"rendered":"<p>Osnovan 2002. godine u \u017denevi, TRIAL International je organizacija sa mandatom da stavi pravo u slu\u017ebu \u017ertava me\u0111unarodnih zlo\u010dina (genocida, zlo\u010dina protiv \u010dovje\u010dnosti, ratnih zlo\u010dina, torture i prisilnog nestanka). TRIAL International se bori protiv neka\u017enjivosti po\u010dinitelja najte\u017eih me\u0111unarodnih zlo\u010dina. Organizacija zastupa interese \u017ertava pred \u0161vicarskim sudovima i brojnim me\u0111unarodnim tijelima za za\u0161titu ljudskih prava. TRIAL [&hellip;]<\/p>\n","protected":false},"author":13,"featured_media":0,"parent":0,"menu_order":0,"comment_status":"closed","ping_status":"closed","template":"","meta":{"footnotes":""},"class_list":["post-7","page","type-page","status-publish","hentry"],"jetpack_sharing_enabled":true,"_links":{"self":[{"href":"https:\/\/trial.ba\/index.php?rest_route=\/wp\/v2\/pages\/7","targetHints":{"allow":["GET"]}}],"collection":[{"href":"https:\/\/trial.ba\/index.php?rest_route=\/wp\/v2\/pages"}],"about":[{"href":"https:\/\/trial.ba\/index.php?rest_route=\/wp\/v2\/types\/page"}],"author":[{"embeddable":true,"href":"https:\/\/trial.ba\/index.php?rest_route=\/wp\/v2\/users\/13"}],"replies":[{"embeddable":true,"href":"https:\/\/trial.ba\/index.php?rest_route=%2Fwp%2Fv2%2Fcomments&post=7"}],"version-history":[{"count":5,"href":"https:\/\/trial.ba\/index.php?rest_route=\/wp\/v2\/pages\/7\/revisions"}],"predecessor-version":[{"id":1503,"href":"https:\/\/trial.ba\/index.php?rest_route=\/wp\/v2\/pages\/7\/revisions\/1503"}],"wp:attachment":[{"href":"https:\/\/trial.ba\/index.php?rest_route=%2Fwp%2Fv2%2Fmedia&parent=7"}],"curies":[{"name":"wp","href":"https:\/\/api.w.org\/{rel}","templated":true}]}}