{"id":9,"date":"2014-02-04T12:25:39","date_gmt":"2014-02-04T10:25:39","guid":{"rendered":"http:\/\/trial.virtual-garbun.org\/trial\/?page_id=9"},"modified":"2025-06-18T09:42:23","modified_gmt":"2025-06-18T07:42:23","slug":"tim","status":"publish","type":"page","link":"https:\/\/trial.ba\/?page_id=9","title":{"rendered":"Tim u BiH"},"content":{"rendered":"<h4><a href=\"mailto:k.kuljuh@trialinternational.org\">Klaudia Kuljuh<\/a><\/h4>\n<p>Voditeljica programa<\/p>\n<h4><a href=\"mailto:e.zejnilovic@trialinternational.org\">Edima Zejnilovi\u0107<\/a><\/h4>\n<p>Programska saradnica<\/p>\n<h4><a href=\"mailto:a.mahmic@trialinternational.org\">Ajna Mahmi\u0107<\/a><\/h4>\n<p>Pravna koordinatorica<\/p>\n<h4><a href=\"mailto:s.cardakovic@trialinternational.org\">Samra \u010cardakovi\u0107<\/a><\/h4>\n<p>Pravna savjetnica<\/p>\n<h4><a href=\"mailto:k.sadovic@trialinternational.org\">Kenan Sadovi\u0107<\/a><\/h4>\n<p>Pravni savjetnik<\/p>\n\n\n<h4 class=\"wp-block-heading\"><a href=\"mailto:k.gadze@trialinternational.org\" data-type=\"mailto\" data-id=\"mailto:k.gadze@trialinternational.org\">Kristina Gad\u017ee<\/a><\/h4>\n\n\n\n<p>Saradnica za komunikacije<\/p>\n","protected":false},"excerpt":{"rendered":"<p>Klaudia Kuljuh Voditeljica programa Edima Zejnilovi\u0107 Programska saradnica Ajna Mahmi\u0107 Pravna koordinatorica Samra \u010cardakovi\u0107 Pravna savjetnica Kenan Sadovi\u0107 Pravni savjetnik Kristina Gad\u017ee Saradnica za komunikacije<\/p>\n","protected":false},"author":13,"featured_media":0,"parent":7,"menu_order":0,"comment_status":"closed","ping_status":"closed","template":"","meta":{"footnotes":""},"class_list":["post-9","page","type-page","status-publish","hentry"],"jetpack_sharing_enabled":true,"_links":{"self":[{"href":"https:\/\/trial.ba\/index.php?rest_route=\/wp\/v2\/pages\/9","targetHints":{"allow":["GET"]}}],"collection":[{"href":"https:\/\/trial.ba\/index.php?rest_route=\/wp\/v2\/pages"}],"about":[{"href":"https:\/\/trial.ba\/index.php?rest_route=\/wp\/v2\/types\/page"}],"author":[{"embeddable":true,"href":"https:\/\/trial.ba\/index.php?rest_route=\/wp\/v2\/users\/13"}],"replies":[{"embeddable":true,"href":"https:\/\/trial.ba\/index.php?rest_route=%2Fwp%2Fv2%2Fcomments&post=9"}],"version-history":[{"count":13,"href":"https:\/\/trial.ba\/index.php?rest_route=\/wp\/v2\/pages\/9\/revisions"}],"predecessor-version":[{"id":1471,"href":"https:\/\/trial.ba\/index.php?rest_route=\/wp\/v2\/pages\/9\/revisions\/1471"}],"up":[{"embeddable":true,"href":"https:\/\/trial.ba\/index.php?rest_route=\/wp\/v2\/pages\/7"}],"wp:attachment":[{"href":"https:\/\/trial.ba\/index.php?rest_route=%2Fwp%2Fv2%2Fmedia&parent=9"}],"curies":[{"name":"wp","href":"https:\/\/api.w.org\/{rel}","templated":true}]}}